{"id":11572,"date":"2025-02-20T09:33:59","date_gmt":"2025-02-20T08:33:59","guid":{"rendered":"https:\/\/tkspro.de\/impressum\/"},"modified":"2025-02-20T10:11:44","modified_gmt":"2025-02-20T09:11:44","slug":"impressum","status":"publish","type":"page","link":"https:\/\/tkspro.de\/de\/impressum\/","title":{"rendered":"Impressum"},"content":{"rendered":"\n<p>Angaben gem\u00e4\u00df \u00a7 5 TMG<\/p>\n\n<p><strong>TKS Pro GmbH<\/strong><br\/>Masch 25<br\/>37124 Rosdorf<br\/>Deutschland<\/p>\n\n<p>\ud83d\udcde <strong>Phone:<\/strong> +49 (551) 2917 82-83<br\/>\ud83d\udce7 <strong>E-Mail:<\/strong> info@tkspro.de<br\/>\ud83c\udf10 <strong>Webseite<\/strong><strong>:<\/strong> <a href=\"https:\/\/www.tkspro.eu\">www.tkspro.de<\/a><\/p>\n\n<p><strong>Vertreten durch:<\/strong><\/p>\n\n<p><strong>Gesch\u00e4ftsf\u00fchrer:<\/strong> Natalie Kirsch<\/p>\n\n<p><strong>Verantwortlich f\u00fcr den Inhalt nach \u00a7 55 Abs. 2 RStV: <\/strong><\/p>\n\n<p><strong>TKS Pro GmbH<\/strong><br\/>Masch 25<br\/>37124 Rosdorf<br\/>\ud83d\udce7 <strong>E-Mail:<\/strong> info@tkspro.de<\/p>\n\n<p><strong>Bildnachweise &amp; Urheberrechte<\/strong><\/p>\n\n<p>Die auf dieser Webseite verwendeten Bilder und Videos stammen aus folgenden Quellen:<\/p>\n\n<p>\u2714 <strong>Eigenes Bild- und Videomaterial <\/strong> der TKS Pro GmbH<br\/>\u2714 <strong>Stockmaterial von Pixabay<\/strong>, used under the <strong>Pixabay-Inhaltslizenz<\/strong><\/p>\n\n<ul class=\"wp-block-list\">\n<li>Lizenzdetails: <a href=\"https:\/\/pixabay.com\/de\/service\/license-summary\/\">Pixabay Lizenzbedingungen<\/a><\/li>\n<\/ul>\n\n<p>Falls nicht anders angegeben, liegen die Urheberrechte f\u00fcr das gesamte Bild- und Videomaterial bei der <strong>TKS Pro GmbH.<\/strong> Die Nutzung oder Weitergabe ohne ausdr\u00fcckliche Genehmigung ist untersagt. <\/p>\n\n<hr class=\"wp-block-separator has-alpha-channel-opacity is-style-wide\"\/>\n\n<h2 class=\"wp-block-heading\"><strong>Haftungsausschluss (Disclaimer)<\/strong><\/h2>\n\n<p><strong>1. Haftung f\u00fcr Inhalte<\/strong><\/p>\n\n<p>Als Diensteanbieter sind wir gem\u00e4\u00df \u00a7 7 Abs.1 TMG f\u00fcr eigene Inhalte auf diesen Seiten nach den allgemeinen Gesetzen verantwortlich. Nach \u00a7\u00a7 8 bis 10 TMG sind wir als Diensteanbieter jedoch nicht verpflichtet, \u00fcbermittelte oder gespeicherte fremde Informationen zu \u00fcberwachen oder nach Umst\u00e4nden zu forschen, die auf eine rechtswidrige T\u00e4tigkeit hinweisen.  <\/p>\n\n<p>Verpflichtungen zur Entfernung oder Sperrung der Nutzung von Informationen nach den allgemeinen Gesetzen bleiben hiervon unber\u00fchrt. Eine diesbez\u00fcgliche Haftung ist jedoch erst ab dem Zeitpunkt der Kenntnis einer konkreten Rechtsverletzung m\u00f6glich. Bei Bekanntwerden von entsprechenden Rechtsverletzungen werden wir diese Inhalte umgehend entfernen.  <\/p>\n\n<p><strong>2. Haftung f\u00fcr Links<\/strong><\/p>\n\n<p>Unser Angebot enth\u00e4lt Links zu externen Websites Dritter, auf deren Inhalte wir keinen Einfluss haben. Deshalb k\u00f6nnen wir f\u00fcr diese fremden Inhalte auch keine Gew\u00e4hr \u00fcbernehmen. F\u00fcr die Inhalte der verlinkten Seiten ist stets der jeweilige Anbieter oder Betreiber der Seiten verantwortlich. Die verlinkten Seiten wurden zum Zeitpunkt der Verlinkung auf m\u00f6gliche Rechtsverst\u00f6\u00dfe \u00fcberpr\u00fcft. Rechtswidrige Inhalte waren zum Zeitpunkt der Verlinkung nicht erkennbar.   <\/p>\n\n<p>Eine permanente inhaltliche Kontrolle der verlinkten Seiten ist jedoch ohne konkrete Anhaltspunkte einer Rechtsverletzung nicht zumutbar. Bei Bekanntwerden von Rechtsverletzungen werden wir derartige Links umgehend entfernen. <\/p>\n\n<p><strong>3. Urheberrecht<\/strong><\/p>\n\n<p>Die durch die Seitenbetreiber erstellten Inhalte und Werke auf diesen Seiten unterliegen dem deutschen Urheberrecht. Die Vervielf\u00e4ltigung, Bearbeitung, <strong>Verbreitung und jede<\/strong> Art der Verwertung au\u00dferhalb der Grenzen des Urheberrechts bed\u00fcrfen der schriftlichen Zustimmung des jeweiligen Autors bzw. <strong>Erstellers<\/strong>.  <\/p>\n\n<p>Soweit die Inhalte auf dieser Seite nicht vom Betreiber erstellt wurden, werden die Urheberrechte Dritter beachtet. Insbesondere werden Inhalte Dritter als solche gekennzeichnet. Sollten Sie trotzdem auf eine Urheberrechtsverletzung aufmerksam werden, bitten wir um einen entsprechenden Hinweis. Bei Bekanntwerden von Rechtsverletzungen werden wir derartige Inhalte umgehend entfernen.  <\/p>\n\n<h2 class=\"wp-block-heading\"><strong>Online-Streitbeilegung gem\u00e4\u00df Art. 14 Abs. 1 ODR-VO <\/strong><\/h2>\n\n<p>Die Europ\u00e4ische Kommission stellt eine Plattform zur Online-Streitbeilegung (OS) bereit:<br\/><br\/>\ud83d\udd17 <a href=\"https:\/\/ec.europa.eu\/consumers\/odr\">https:\/\/ec.europa.eu\/consumers\/odr<\/a><\/p>\n\n<p>Unsere E-Mail-Adresse finden Sie oben im <strong>Impressum<\/strong>.<\/p>\n\n<p><strong>Wir sind weder verpflichtet noch bereit, an einem Streitbeilegungsverfahren vor einer Verbraucherschlichtungsstelle teilzunehmen.<\/strong><\/p>\n\n<hr class=\"wp-block-separator has-alpha-channel-opacity is-style-wide\"\/>\n\n<p><strong>Online-Streitbeilegung gem\u00e4\u00df Art. 14 Abs. 1 ODR-VO <\/strong><\/p>\n\n<p>Die Europ\u00e4ische Kommission stellt eine Plattform zur Online-Streitbeilegung (OS) bereit:<br\/><br\/>\ud83d\udd17 <a href=\"https:\/\/ec.europa.eu\/consumers\/odr\">https:\/\/ec.europa.eu\/consumers\/odr<\/a><\/p>\n\n<p>Unsere E-Mail-Adresse finden Sie oben im <strong>Impressum<\/strong>.<\/p>\n\n<p><strong>Wir sind weder verpflichtet noch bereit, an einem Streitbeilegungsverfahren vor einer Verbraucherschlichtungsstelle teilzunehmen.<\/strong><\/p>\n\n<hr class=\"wp-block-separator has-alpha-channel-opacity is-style-wide\"\/>\n\n<p><strong>Letzte Aktualisierung: 01.03.2025<\/strong><\/p>\n\n<p><\/p>\n","protected":false},"excerpt":{"rendered":"<p>Angaben gem\u00e4\u00df \u00a7 5 TMG TKS Pro GmbHMasch 2537124 RosdorfDeutschland \ud83d\udcde Phone: +49 (551) 2917 82-83\ud83d\udce7 E-Mail: info@tkspro.de\ud83c\udf10 Webseite: www.tkspro.de<\/p>\n","protected":false},"author":1,"featured_media":0,"parent":0,"menu_order":0,"comment_status":"closed","ping_status":"closed","template":"","meta":{"footnotes":""},"class_list":["post-11572","page","type-page","status-publish","hentry"],"_links":{"self":[{"href":"https:\/\/tkspro.de\/de\/wp-json\/wp\/v2\/pages\/11572","targetHints":{"allow":["GET"]}}],"collection":[{"href":"https:\/\/tkspro.de\/de\/wp-json\/wp\/v2\/pages"}],"about":[{"href":"https:\/\/tkspro.de\/de\/wp-json\/wp\/v2\/types\/page"}],"author":[{"embeddable":true,"href":"https:\/\/tkspro.de\/de\/wp-json\/wp\/v2\/users\/1"}],"replies":[{"embeddable":true,"href":"https:\/\/tkspro.de\/de\/wp-json\/wp\/v2\/comments?post=11572"}],"version-history":[{"count":1,"href":"https:\/\/tkspro.de\/de\/wp-json\/wp\/v2\/pages\/11572\/revisions"}],"predecessor-version":[{"id":11573,"href":"https:\/\/tkspro.de\/de\/wp-json\/wp\/v2\/pages\/11572\/revisions\/11573"}],"wp:attachment":[{"href":"https:\/\/tkspro.de\/de\/wp-json\/wp\/v2\/media?parent=11572"}],"curies":[{"name":"wp","href":"https:\/\/api.w.org\/{rel}","templated":true}]}}