{"id":11388,"date":"2024-08-31T20:47:51","date_gmt":"2024-08-31T18:47:51","guid":{"rendered":"https:\/\/tkspro.de\/dienstleistungen\/ueberholung-von-gasturbinen\/beratung\/"},"modified":"2024-10-09T00:20:13","modified_gmt":"2024-10-08T22:20:13","slug":"beratung","status":"publish","type":"page","link":"https:\/\/tkspro.de\/de\/dienstleistungen\/ueberholung-von-gasturbinen\/beratung\/","title":{"rendered":"Beratung"},"content":{"rendered":"<div class=\"wpb-content-wrapper\"><p>[vc_row][vc_column]\t\t<div id=\"wd-670380665ba30\" class=\"wd-image wd-wpb wd-rs-670380665ba30 text-center \">\n\t\t\t\n\t\t\t<img loading=\"lazy\" decoding=\"async\" width=\"1222\" height=\"300\" src=\"https:\/\/tkspro.de\/wp-content\/uploads\/2024\/10\/Gas-Turbine-Overhaul-Banner-2-1222x300.jpg\" class=\"attachment-1222x300 size-1222x300\" alt=\"Gas Turbine Overhaul - TKS PRO Gmbh (Turbo Kompressor Service)\" \/>\n\t\t\t\t\t<\/div>\n\t\t\t\t\t<link rel=\"stylesheet\" id=\"wd-section-title-css\" href=\"https:\/\/tkspro.de\/wp-content\/themes\/woodmart\/css\/parts\/el-section-title.min.css?ver=7.5.2\" type=\"text\/css\" media=\"all\" \/> \t\t\t\t\t\t<link rel=\"stylesheet\" id=\"wd-mod-highlighted-text-css\" href=\"https:\/\/tkspro.de\/wp-content\/themes\/woodmart\/css\/parts\/mod-highlighted-text.min.css?ver=7.5.2\" type=\"text\/css\" media=\"all\" \/> \t\t\t\n\t\t<div id=\"wd-66d99ee715e5a\" class=\"title-wrapper wd-wpb set-mb-s reset-last-child  wd-rs-66d99ee715e5a wd-title-color-default wd-title-style-default text-left vc_custom_1725538031535 wd-width-custom wd-underline-colored\">\n\t\t\t\n\t\t\t<div class=\"liner-continer\">\n\t\t\t\t<h2 class=\"woodmart-title-container title  wd-font-weight- wd-fontsize-l\" >Beratung<\/h2>\n\t\t\t\t\t\t\t<\/div>\n\t\t\t\n\t\t\t\n\t\t\t\n\t\t<\/div>\n\t\t\n\t\t\t\t\t<link rel=\"stylesheet\" id=\"wd-text-block-css\" href=\"https:\/\/tkspro.de\/wp-content\/themes\/woodmart\/css\/parts\/el-text-block.min.css?ver=7.5.2\" type=\"text\/css\" media=\"all\" \/> \t\t\t\t\t<div id=\"wd-66d99f92c3824\" class=\"wd-text-block wd-wpb reset-last-child wd-rs-66d99f92c3824 text-left \">\n\t\t\t<p>Mit \u00fcber 20 Jahren Erfahrung als unabh\u00e4ngige, weltweit t\u00e4tige Organisation im Gasturbinenmarkt verf\u00fcgen wir \u00fcber umfassendes Wissen, um Ihnen in verschiedenen Bereichen fachkundige Beratung anzubieten, darunter:<\/p>\n\t\t<\/div>\n\t\t[\/vc_column][\/vc_row][vc_row content_placement=&#8220;middle&#8220; woodmart_box_shadow=&#8220;no&#8220; wd_z_index=&#8220;no&#8220; woodmart_css_id=&#8220;66ff8d4992b4d&#8220; responsive_spacing=&#8220;eyJwYXJhbV90eXBlIjoid29vZG1hcnRfcmVzcG9uc2l2ZV9zcGFjaW5nIiwic2VsZWN0b3JfaWQiOiI2NmZmOGQ0OTkyYjRkIiwic2hvcnRjb2RlIjoidmNfcm93IiwiZGF0YSI6eyJ0YWJsZXQiOnsibWFyZ2luLXRvcCI6IjMwIn0sIm1vYmlsZSI6eyJtYXJnaW4tdG9wIjoiMjAifX19&#8243; mobile_bg_img_hidden=&#8220;no&#8220; tablet_bg_img_hidden=&#8220;no&#8220; woodmart_parallax=&#8220;0&#8243; woodmart_gradient_switch=&#8220;no&#8220; row_reverse_mobile=&#8220;0&#8243; row_reverse_tablet=&#8220;0&#8243; woodmart_disable_overflow=&#8220;0&#8243; css=&#8220;.vc_custom_1728023896994{margin-top: 40px !important;margin-bottom: 40px !important;}&#8220;][vc_column css=&#8220;.vc_custom_1496394309784{padding-top: 0px !important;}&#8220; offset=&#8220;vc_col-md-6 vc_col-xs-12&#8243;]\t\t<div id=\"wd-66d2d58579f87\" class=\"wd-image wd-wpb wd-rs-66d2d58579f87 text-left \">\n\t\t\t\n\t\t\t<img loading=\"lazy\" decoding=\"async\" width=\"1280\" height=\"958\" src=\"https:\/\/tkspro.de\/wp-content\/uploads\/2024\/08\/Portfolio-Gallery-Image-1-1.jpg\" class=\"attachment-full size-full\" alt=\"TKS Pro - Our work Boeing aircraft engine repair\" srcset=\"https:\/\/tkspro.de\/wp-content\/uploads\/2024\/08\/Portfolio-Gallery-Image-1-1.jpg 1280w, https:\/\/tkspro.de\/wp-content\/uploads\/2024\/08\/Portfolio-Gallery-Image-1-1-430x322.jpg 430w, https:\/\/tkspro.de\/wp-content\/uploads\/2024\/08\/Portfolio-Gallery-Image-1-1-150x112.jpg 150w, https:\/\/tkspro.de\/wp-content\/uploads\/2024\/08\/Portfolio-Gallery-Image-1-1-700x524.jpg 700w, https:\/\/tkspro.de\/wp-content\/uploads\/2024\/08\/Portfolio-Gallery-Image-1-1-400x300.jpg 400w, https:\/\/tkspro.de\/wp-content\/uploads\/2024\/08\/Portfolio-Gallery-Image-1-1-1069x800.jpg 1069w, https:\/\/tkspro.de\/wp-content\/uploads\/2024\/08\/Portfolio-Gallery-Image-1-1-768x575.jpg 768w\" sizes=\"auto, (max-width: 1280px) 100vw, 1280px\" \/>\n\t\t\t\t\t<\/div>\n\t\t[\/vc_column][vc_column offset=&#8220;vc_col-md-6 vc_col-xs-12&#8243;]\t\t<div id=\"wd-66ff8db758814\" class=\"wd-text-block wd-wpb reset-last-child wd-rs-66ff8db758814 text-left \">\n\t\t\t<h3>Service umfassen:<\/h3>\n\t\t<\/div>\n\t\t\t\t\t<link rel=\"stylesheet\" id=\"wd-list-css\" href=\"https:\/\/tkspro.de\/wp-content\/themes\/woodmart\/css\/parts\/el-list.min.css?ver=7.5.2\" type=\"text\/css\" media=\"all\" \/> \t\t\t\n\t\t<ul class=\" wd-rs-66d99fb36312e wd-list wd-wpb color-scheme- wd-fontsize-s wd-list-type-icon wd-list-style-default wd-justify-left \" id=\"wd-66d99fb36312e\">\n\t\t\t\t\t\t\t\t\t\t\t<li>\n\t\t\t\t\t<span class=\"list-icon wd-icon fas fa-check\"><\/span>\n\t\t\t\t\t<span class=\"list-content\">\u00dcberwachung von Installation und Inbetriebnahme sowie Leitung vor Ort<\/span>\n\t\t\t\t\t\t\t\t\t<\/li>\n\t\t\t\t\t\t\t\t\t\t\t<li>\n\t\t\t\t\t<span class=\"list-icon wd-icon fas fa-check\"><\/span>\n\t\t\t\t\t<span class=\"list-content\">Projektmanagement f\u00fcr Installation und Inbetriebnahme<\/span>\n\t\t\t\t\t\t\t\t\t<\/li>\n\t\t\t\t\t\t\t\t\t\t\t<li>\n\t\t\t\t\t<span class=\"list-icon wd-icon fas fa-check\"><\/span>\n\t\t\t\t\t<span class=\"list-content\">Fachliche Unterst\u00fctzung in Garantie- und Versicherungsf\u00e4llen<\/span>\n\t\t\t\t\t\t\t\t\t<\/li>\n\t\t\t\t\t\t\t\t\t\t\t<li>\n\t\t\t\t\t<span class=\"list-icon wd-icon fas fa-check\"><\/span>\n\t\t\t\t\t<span class=\"list-content\">Beratung und Durchf\u00fchrung von Gro\u00dfreparaturen in Level-4-Werkst\u00e4tten<\/span>\n\t\t\t\t\t\t\t\t\t<\/li>\n\t\t\t\t\t\t\t\t\t\t\t<li>\n\t\t\t\t\t<span class=\"list-icon wd-icon fas fa-check\"><\/span>\n\t\t\t\t\t<span class=\"list-content\">Schulungsprogramme im Unternehmen und vor Ort<\/span>\n\t\t\t\t\t\t\t\t\t<\/li>\n\t\t\t\t\t\t\t\t\t\t\t<li>\n\t\t\t\t\t<span class=\"list-icon wd-icon fas fa-check\"><\/span>\n\t\t\t\t\t<span class=\"list-content\">Leasingprogramme f\u00fcr Motoren, Werkzeuge und Handhabungsger\u00e4te vor Ort (einschlie\u00dflich Container, Dolly, Zubeh\u00f6r)<\/span>\n\t\t\t\t\t\t\t\t\t<\/li>\n\t\t\t\t\t<\/ul>\n\t\t[\/vc_column][\/vc_row]<\/p>\n<\/div>","protected":false},"excerpt":{"rendered":"<p>[vc_row][vc_column][\/vc_column][\/vc_row][vc_row content_placement=&#8220;middle&#8220; woodmart_box_shadow=&#8220;no&#8220; wd_z_index=&#8220;no&#8220; woodmart_css_id=&#8220;66ff8d4992b4d&#8220; responsive_spacing=&#8220;eyJwYXJhbV90eXBlIjoid29vZG1hcnRfcmVzcG9uc2l2ZV9zcGFjaW5nIiwic2VsZWN0b3JfaWQiOiI2NmZmOGQ0OTkyYjRkIiwic2hvcnRjb2RlIjoidmNfcm93IiwiZGF0YSI6eyJ0YWJsZXQiOnsibWFyZ2luLXRvcCI6IjMwIn0sIm1vYmlsZSI6eyJtYXJnaW4tdG9wIjoiMjAifX19&#8243; mobile_bg_img_hidden=&#8220;no&#8220; tablet_bg_img_hidden=&#8220;no&#8220; woodmart_parallax=&#8220;0&#8243; woodmart_gradient_switch=&#8220;no&#8220; row_reverse_mobile=&#8220;0&#8243; row_reverse_tablet=&#8220;0&#8243; woodmart_disable_overflow=&#8220;0&#8243; css=&#8220;.vc_custom_1728023896994{margin-top: 40px !important;margin-bottom: 40px !important;}&#8220;][vc_column css=&#8220;.vc_custom_1496394309784{padding-top: 0px<\/p>\n","protected":false},"author":1,"featured_media":0,"parent":11380,"menu_order":0,"comment_status":"closed","ping_status":"closed","template":"","meta":{"footnotes":""},"class_list":["post-11388","page","type-page","status-publish","hentry"],"_links":{"self":[{"href":"https:\/\/tkspro.de\/de\/wp-json\/wp\/v2\/pages\/11388","targetHints":{"allow":["GET"]}}],"collection":[{"href":"https:\/\/tkspro.de\/de\/wp-json\/wp\/v2\/pages"}],"about":[{"href":"https:\/\/tkspro.de\/de\/wp-json\/wp\/v2\/types\/page"}],"author":[{"embeddable":true,"href":"https:\/\/tkspro.de\/de\/wp-json\/wp\/v2\/users\/1"}],"replies":[{"embeddable":true,"href":"https:\/\/tkspro.de\/de\/wp-json\/wp\/v2\/comments?post=11388"}],"version-history":[{"count":0,"href":"https:\/\/tkspro.de\/de\/wp-json\/wp\/v2\/pages\/11388\/revisions"}],"up":[{"embeddable":true,"href":"https:\/\/tkspro.de\/de\/wp-json\/wp\/v2\/pages\/11380"}],"wp:attachment":[{"href":"https:\/\/tkspro.de\/de\/wp-json\/wp\/v2\/media?parent=11388"}],"curies":[{"name":"wp","href":"https:\/\/api.w.org\/{rel}","templated":true}]}}