{"id":11355,"date":"2024-09-05T10:40:45","date_gmt":"2024-09-05T08:40:45","guid":{"rendered":"https:\/\/tkspro.de\/dienstleistungen\/ueberholung-des-getriebes\/generalueberholung\/"},"modified":"2024-10-08T22:11:55","modified_gmt":"2024-10-08T20:11:55","slug":"generalueberholung","status":"publish","type":"page","link":"https:\/\/tkspro.de\/de\/dienstleistungen\/ueberholung-des-getriebes\/generalueberholung\/","title":{"rendered":"General\u00fcberholung"},"content":{"rendered":"<div class=\"wpb-content-wrapper\"><p>[vc_row][vc_column]\t\t<div id=\"wd-67037f51085eb\" class=\"wd-image wd-wpb wd-rs-67037f51085eb text-center \">\n\t\t\t\n\t\t\t<img loading=\"lazy\" decoding=\"async\" width=\"1222\" height=\"300\" src=\"https:\/\/tkspro.de\/wp-content\/uploads\/2024\/10\/1.-Alignment-and-Corrective-Actions-1222x300.jpg\" class=\"attachment-1222x300 size-1222x300\" alt=\"Alignment and Corrective Actions - TKS PRO Gmbh (Turbo Kompressor Service)\" \/>\n\t\t\t\t\t<\/div>\n\t\t\t\t\t<link rel=\"stylesheet\" id=\"wd-section-title-css\" href=\"https:\/\/tkspro.de\/wp-content\/themes\/woodmart\/css\/parts\/el-section-title.min.css?ver=7.5.2\" type=\"text\/css\" media=\"all\" \/> \t\t\t\t\t\t<link rel=\"stylesheet\" id=\"wd-mod-highlighted-text-css\" href=\"https:\/\/tkspro.de\/wp-content\/themes\/woodmart\/css\/parts\/mod-highlighted-text.min.css?ver=7.5.2\" type=\"text\/css\" media=\"all\" \/> \t\t\t\n\t\t<div id=\"wd-66d9d91263be6\" class=\"title-wrapper wd-wpb set-mb-s reset-last-child  wd-rs-66d9d91263be6 wd-title-color-default wd-title-style-default text-left vc_custom_1725552919264 wd-width-custom wd-underline-colored\">\n\t\t\t\n\t\t\t<div class=\"liner-continer\">\n\t\t\t\t<h2 class=\"woodmart-title-container title  wd-font-weight- wd-fontsize-l\" >General\u00fcberholung<\/h2>\n\t\t\t\t\t\t\t<\/div>\n\t\t\t\n\t\t\t\n\t\t\t\n\t\t<\/div>\n\t\t\n\t\t\t\t\t<link rel=\"stylesheet\" id=\"wd-text-block-css\" href=\"https:\/\/tkspro.de\/wp-content\/themes\/woodmart\/css\/parts\/el-text-block.min.css?ver=7.5.2\" type=\"text\/css\" media=\"all\" \/> \t\t\t\t\t<div id=\"wd-66d96e59e44f5\" class=\"wd-text-block wd-wpb reset-last-child wd-rs-66d96e59e44f5 text-left \">\n\t\t\t<p>Bei <strong>TKS Pro GmbH <\/strong>sind wir auf die General\u00fcberholung von Getrieben f\u00fcr Gasturbinen spezialisiert, eine entscheidende Dienstleistung, die die fortlaufende Zuverl\u00e4ssigkeit und Leistung Ihrer Ausr\u00fcstung sicherstellt. Im Laufe der Zeit k\u00f6nnen selbst die robustesten Getriebe durch die extremen Bedingungen, unter denen sie betrieben werden, Abnutzungserscheinungen zeigen. Unser General\u00fcberholungsservice ist darauf ausgelegt, Ihr Getriebe vollst\u00e4ndig in einen neuwertigen Zustand zu versetzen und sicherzustellen, dass es den Anforderungen Ihres Betriebs gerecht wird.<\/p>\n\t\t<\/div>\n\t\t[\/vc_column][\/vc_row][vc_row content_placement=&#8220;middle&#8220; woodmart_box_shadow=&#8220;no&#8220; wd_z_index=&#8220;no&#8220; woodmart_css_id=&#8220;66ffe3121ad8d&#8220; responsive_spacing=&#8220;eyJwYXJhbV90eXBlIjoid29vZG1hcnRfcmVzcG9uc2l2ZV9zcGFjaW5nIiwic2VsZWN0b3JfaWQiOiI2NmZmZTMxMjFhZDhkIiwic2hvcnRjb2RlIjoidmNfcm93IiwiZGF0YSI6eyJ0YWJsZXQiOnsibWFyZ2luLXRvcCI6IjMwIn0sIm1vYmlsZSI6eyJtYXJnaW4tdG9wIjoiMjAifX19&#8243; mobile_bg_img_hidden=&#8220;no&#8220; tablet_bg_img_hidden=&#8220;no&#8220; woodmart_parallax=&#8220;0&#8243; woodmart_gradient_switch=&#8220;no&#8220; row_reverse_mobile=&#8220;0&#8243; row_reverse_tablet=&#8220;0&#8243; woodmart_disable_overflow=&#8220;0&#8243; css=&#8220;.vc_custom_1728045855471{margin-top: 40px !important;}&#8220;][vc_column css=&#8220;.vc_custom_1496394309784{padding-top: 0px !important;}&#8220; offset=&#8220;vc_col-md-6 vc_col-xs-12&#8243;]\t\t<div id=\"wd-66ffe393c321f\" class=\"wd-image wd-wpb wd-rs-66ffe393c321f text-center \">\n\t\t\t\n\t\t\t<img loading=\"lazy\" decoding=\"async\" width=\"1000\" height=\"668\" src=\"https:\/\/tkspro.de\/wp-content\/uploads\/2024\/10\/5.2-Overhaul-of-Compressor-Equipment.jpg\" class=\"attachment-full size-full\" alt=\"Overhaul of Compressor Equipment - TKS PRO Gmbh (Turbo Kompressor Service)\" srcset=\"https:\/\/tkspro.de\/wp-content\/uploads\/2024\/10\/5.2-Overhaul-of-Compressor-Equipment.jpg 1000w, https:\/\/tkspro.de\/wp-content\/uploads\/2024\/10\/5.2-Overhaul-of-Compressor-Equipment-400x267.jpg 400w, https:\/\/tkspro.de\/wp-content\/uploads\/2024\/10\/5.2-Overhaul-of-Compressor-Equipment-768x513.jpg 768w, https:\/\/tkspro.de\/wp-content\/uploads\/2024\/10\/5.2-Overhaul-of-Compressor-Equipment-430x287.jpg 430w, https:\/\/tkspro.de\/wp-content\/uploads\/2024\/10\/5.2-Overhaul-of-Compressor-Equipment-700x468.jpg 700w, https:\/\/tkspro.de\/wp-content\/uploads\/2024\/10\/5.2-Overhaul-of-Compressor-Equipment-150x100.jpg 150w\" sizes=\"auto, (max-width: 1000px) 100vw, 1000px\" \/>\n\t\t\t\t\t<\/div>\n\t\t[\/vc_column][vc_column offset=&#8220;vc_col-md-6 vc_col-xs-12&#8243;]\t\t<div id=\"wd-66ffe7a9cce14\" class=\"wd-text-block wd-wpb reset-last-child wd-rs-66ffe7a9cce14 text-left \">\n\t\t\t<h3>Umfassende Inspektion:<\/h3>\n<p>Unser General\u00fcberholungsprozess beginnt mit einer gr\u00fcndlichen Inspektion aller Komponenten des Getriebes. Dies umfasst detaillierte Bewertungen von Zahnr\u00e4dern, Wellen, Lagern, Dichtungen und Geh\u00e4usen. Wir verwenden fortschrittliche Diagnosetools, um Anzeichen von Verschlei\u00df, Sch\u00e4den oder Fehlstellungen zu erkennen.  <\/p>\n<h3>Reparatur und Austausch von Komponenten:<\/h3>\n<p>Nach der Inspektion reparieren oder ersetzen unsere erfahrenen Techniker alle abgenutzten oder besch\u00e4digten Komponenten. Wir verwenden ausschlie\u00dflich hochwertige, OEM-zugelassene Teile, um die Zuverl\u00e4ssigkeit und Langlebigkeit Ihres Getriebes zu gew\u00e4hrleisten. Dieser Prozess kann das Nachschleifen von Zahnr\u00e4dern, den Austausch von Lagern und die \u00dcberarbeitung von Dichtungen umfassen.<\/p>\n\t\t<\/div>\n\t\t[\/vc_column][\/vc_row][vc_row content_placement=&#8220;middle&#8220; woodmart_css_id=&#8220;66ffe3590d4e3&#8243; responsive_spacing=&#8220;eyJwYXJhbV90eXBlIjoid29vZG1hcnRfcmVzcG9uc2l2ZV9zcGFjaW5nIiwic2VsZWN0b3JfaWQiOiI2NmZmZTM1OTBkNGUzIiwic2hvcnRjb2RlIjoidmNfcm93IiwiZGF0YSI6eyJ0YWJsZXQiOnsibWFyZ2luLXRvcCI6IjMwIn0sIm1vYmlsZSI6eyJtYXJnaW4tdG9wIjoiMjAifX19&#8243; mobile_bg_img_hidden=&#8220;no&#8220; tablet_bg_img_hidden=&#8220;no&#8220; woodmart_parallax=&#8220;0&#8243; woodmart_gradient_switch=&#8220;no&#8220; woodmart_box_shadow=&#8220;no&#8220; wd_z_index=&#8220;no&#8220; woodmart_disable_overflow=&#8220;0&#8243; row_reverse_mobile=&#8220;0&#8243; row_reverse_tablet=&#8220;0&#8243; css=&#8220;.vc_custom_1728045927628{margin-top: 40px !important;}&#8220;][vc_column offset=&#8220;vc_col-md-6 vc_col-xs-12&#8243; woodmart_css_id=&#8220;66ffe4bb47b09&#8243; parallax_scroll=&#8220;no&#8220; woodmart_sticky_column=&#8220;false&#8220; wd_collapsible_content_switcher=&#8220;no&#8220; wd_column_role_offcanvas_desktop=&#8220;no&#8220; wd_column_role_offcanvas_tablet=&#8220;no&#8220; wd_column_role_offcanvas_mobile=&#8220;no&#8220; wd_column_role_content_desktop=&#8220;no&#8220; wd_column_role_content_tablet=&#8220;no&#8220; wd_column_role_content_mobile=&#8220;no&#8220; mobile_bg_img_hidden=&#8220;no&#8220; tablet_bg_img_hidden=&#8220;no&#8220; woodmart_parallax=&#8220;0&#8243; woodmart_box_shadow=&#8220;no&#8220; responsive_spacing=&#8220;eyJwYXJhbV90eXBlIjoid29vZG1hcnRfcmVzcG9uc2l2ZV9zcGFjaW5nIiwic2VsZWN0b3JfaWQiOiI2NmZmZTRiYjQ3YjA5Iiwic2hvcnRjb2RlIjoidmNfY29sdW1uIiwiZGF0YSI6eyJ0YWJsZXQiOnt9LCJtb2JpbGUiOnt9fX0=&#8220; mobile_reset_margin=&#8220;no&#8220; tablet_reset_margin=&#8220;no&#8220; wd_z_index=&#8220;no&#8220;]\t\t<div id=\"wd-66ffe7b91843c\" class=\"wd-text-block wd-wpb reset-last-child wd-rs-66ffe7b91843c text-left \">\n\t\t\t<h3>Wiedermontage und Testen:<\/h3>\n<p>Sobald alle Reparaturen abgeschlossen sind, montieren wir das Getriebe sorgf\u00e4ltig wieder und stellen eine pr\u00e4zise Ausrichtung und optimale Passform sicher. Das Getriebe wird dann strengen Tests unterzogen, um seine Leistung unter Betriebsbedingungen zu \u00fcberpr\u00fcfen. Wir testen auf Vibrationen, Ger\u00e4usche und Effizienz, um sicherzustellen, dass das Getriebe die OEM-Spezifikationen erf\u00fcllt oder \u00fcbertrifft.  <\/p>\n<h3>Abschlie\u00dfende Qualit\u00e4tspr\u00fcfung und Dokumentation:<\/h3>\n<p>Vor der R\u00fcckgabe Ihres Getriebes f\u00fchren wir eine abschlie\u00dfende Qualit\u00e4tspr\u00fcfung durch und stellen Ihnen eine detaillierte Dokumentation des \u00dcberholungsprozesses zur Verf\u00fcgung, einschlie\u00dflich eines Berichts \u00fcber den Zustand aller Komponenten und Empfehlungen f\u00fcr die zuk\u00fcnftige Wartung.<\/p>\n<p>Die Wahl von <strong>TKS Pro GmbH<\/strong> f\u00fcr Ihre General\u00fcberholung des Getriebes stellt sicher, dass das Getriebe Ihrer Gasturbine mit maximaler Effizienz und Zuverl\u00e4ssigkeit arbeitet, das Risiko unerwarteter Ausfallzeiten minimiert und kostspielige Reparaturen verhindert.<\/p>\n\t\t<\/div>\n\t\t[\/vc_column][vc_column offset=&#8220;vc_col-md-6 vc_col-xs-12&#8243; woodmart_css_id=&#8220;66ffe4c70d01c&#8220; parallax_scroll=&#8220;no&#8220; woodmart_sticky_column=&#8220;false&#8220; wd_collapsible_content_switcher=&#8220;no&#8220; wd_column_role_offcanvas_desktop=&#8220;no&#8220; wd_column_role_offcanvas_tablet=&#8220;no&#8220; wd_column_role_offcanvas_mobile=&#8220;no&#8220; wd_column_role_content_desktop=&#8220;no&#8220; wd_column_role_content_tablet=&#8220;no&#8220; wd_column_role_content_mobile=&#8220;no&#8220; mobile_bg_img_hidden=&#8220;no&#8220; tablet_bg_img_hidden=&#8220;no&#8220; woodmart_parallax=&#8220;0&#8243; woodmart_box_shadow=&#8220;no&#8220; responsive_spacing=&#8220;eyJwYXJhbV90eXBlIjoid29vZG1hcnRfcmVzcG9uc2l2ZV9zcGFjaW5nIiwic2VsZWN0b3JfaWQiOiI2NmZmZTRjNzBkMDFjIiwic2hvcnRjb2RlIjoidmNfY29sdW1uIiwiZGF0YSI6eyJ0YWJsZXQiOnt9LCJtb2JpbGUiOnt9fX0=&#8220; mobile_reset_margin=&#8220;no&#8220; tablet_reset_margin=&#8220;no&#8220; wd_z_index=&#8220;no&#8220;]\t\t<div id=\"wd-66ffe3743624c\" class=\"wd-image wd-wpb wd-rs-66ffe3743624c text-center \">\n\t\t\t\n\t\t\t<img loading=\"lazy\" decoding=\"async\" width=\"1000\" height=\"667\" src=\"https:\/\/tkspro.de\/wp-content\/uploads\/2024\/10\/7.3-Gas-Turbine-Overhaul.jpg\" class=\"attachment-full size-full\" alt=\"Gas Turbine Overhaul - TKS PRO Gmbh (Turbo Kompressor Service)\" srcset=\"https:\/\/tkspro.de\/wp-content\/uploads\/2024\/10\/7.3-Gas-Turbine-Overhaul.jpg 1000w, https:\/\/tkspro.de\/wp-content\/uploads\/2024\/10\/7.3-Gas-Turbine-Overhaul-400x267.jpg 400w, https:\/\/tkspro.de\/wp-content\/uploads\/2024\/10\/7.3-Gas-Turbine-Overhaul-768x512.jpg 768w, https:\/\/tkspro.de\/wp-content\/uploads\/2024\/10\/7.3-Gas-Turbine-Overhaul-430x287.jpg 430w, https:\/\/tkspro.de\/wp-content\/uploads\/2024\/10\/7.3-Gas-Turbine-Overhaul-700x467.jpg 700w, https:\/\/tkspro.de\/wp-content\/uploads\/2024\/10\/7.3-Gas-Turbine-Overhaul-150x100.jpg 150w\" sizes=\"auto, (max-width: 1000px) 100vw, 1000px\" \/>\n\t\t\t\t\t<\/div>\n\t\t[\/vc_column][\/vc_row]<\/p>\n<\/div>","protected":false},"excerpt":{"rendered":"<p>[vc_row][vc_column][\/vc_column][\/vc_row][vc_row content_placement=&#8220;middle&#8220; woodmart_box_shadow=&#8220;no&#8220; wd_z_index=&#8220;no&#8220; woodmart_css_id=&#8220;66ffe3121ad8d&#8220; responsive_spacing=&#8220;eyJwYXJhbV90eXBlIjoid29vZG1hcnRfcmVzcG9uc2l2ZV9zcGFjaW5nIiwic2VsZWN0b3JfaWQiOiI2NmZmZTMxMjFhZDhkIiwic2hvcnRjb2RlIjoidmNfcm93IiwiZGF0YSI6eyJ0YWJsZXQiOnsibWFyZ2luLXRvcCI6IjMwIn0sIm1vYmlsZSI6eyJtYXJnaW4tdG9wIjoiMjAifX19&#8243; mobile_bg_img_hidden=&#8220;no&#8220; tablet_bg_img_hidden=&#8220;no&#8220; woodmart_parallax=&#8220;0&#8243; woodmart_gradient_switch=&#8220;no&#8220; row_reverse_mobile=&#8220;0&#8243; row_reverse_tablet=&#8220;0&#8243; woodmart_disable_overflow=&#8220;0&#8243; css=&#8220;.vc_custom_1728045855471{margin-top: 40px !important;}&#8220;][vc_column css=&#8220;.vc_custom_1496394309784{padding-top: 0px !important;}&#8220; offset=&#8220;vc_col-md-6<\/p>\n","protected":false},"author":1,"featured_media":0,"parent":11341,"menu_order":0,"comment_status":"closed","ping_status":"closed","template":"","meta":{"footnotes":""},"class_list":["post-11355","page","type-page","status-publish","hentry"],"_links":{"self":[{"href":"https:\/\/tkspro.de\/de\/wp-json\/wp\/v2\/pages\/11355","targetHints":{"allow":["GET"]}}],"collection":[{"href":"https:\/\/tkspro.de\/de\/wp-json\/wp\/v2\/pages"}],"about":[{"href":"https:\/\/tkspro.de\/de\/wp-json\/wp\/v2\/types\/page"}],"author":[{"embeddable":true,"href":"https:\/\/tkspro.de\/de\/wp-json\/wp\/v2\/users\/1"}],"replies":[{"embeddable":true,"href":"https:\/\/tkspro.de\/de\/wp-json\/wp\/v2\/comments?post=11355"}],"version-history":[{"count":0,"href":"https:\/\/tkspro.de\/de\/wp-json\/wp\/v2\/pages\/11355\/revisions"}],"up":[{"embeddable":true,"href":"https:\/\/tkspro.de\/de\/wp-json\/wp\/v2\/pages\/11341"}],"wp:attachment":[{"href":"https:\/\/tkspro.de\/de\/wp-json\/wp\/v2\/media?parent=11355"}],"curies":[{"name":"wp","href":"https:\/\/api.w.org\/{rel}","templated":true}]}}