{"id":11353,"date":"2024-08-31T18:47:51","date_gmt":"2024-08-31T16:47:51","guid":{"rendered":"https:\/\/tkspro.de\/dienstleistungen\/ueberholung-des-getriebes\/wartung-inspektionen\/"},"modified":"2024-10-08T22:09:32","modified_gmt":"2024-10-08T20:09:32","slug":"wartung-inspektionen","status":"publish","type":"page","link":"https:\/\/tkspro.de\/de\/dienstleistungen\/ueberholung-des-getriebes\/wartung-inspektionen\/","title":{"rendered":"Wartung &amp; Inspektionen"},"content":{"rendered":"<div class=\"wpb-content-wrapper\"><p>[vc_row][vc_column]\t\t<div id=\"wd-67037f7fdc9b7\" class=\"wd-image wd-wpb wd-rs-67037f7fdc9b7 text-center \">\n\t\t\t\n\t\t\t<img loading=\"lazy\" decoding=\"async\" width=\"1222\" height=\"300\" src=\"https:\/\/tkspro.de\/wp-content\/uploads\/2024\/10\/1.-Alignment-and-Corrective-Actions-1222x300.jpg\" class=\"attachment-1222x300 size-1222x300\" alt=\"Alignment and Corrective Actions - TKS PRO Gmbh (Turbo Kompressor Service)\" \/>\n\t\t\t\t\t<\/div>\n\t\t\t\t\t<link rel=\"stylesheet\" id=\"wd-section-title-css\" href=\"https:\/\/tkspro.de\/wp-content\/themes\/woodmart\/css\/parts\/el-section-title.min.css?ver=7.5.2\" type=\"text\/css\" media=\"all\" \/> \t\t\t\t\t\t<link rel=\"stylesheet\" id=\"wd-mod-highlighted-text-css\" href=\"https:\/\/tkspro.de\/wp-content\/themes\/woodmart\/css\/parts\/mod-highlighted-text.min.css?ver=7.5.2\" type=\"text\/css\" media=\"all\" \/> \t\t\t\n\t\t<div id=\"wd-66d9d89a8c827\" class=\"title-wrapper wd-wpb set-mb-s reset-last-child  wd-rs-66d9d89a8c827 wd-title-color-default wd-title-style-default text-left vc_custom_1725552801938 wd-width-custom wd-underline-colored\">\n\t\t\t\n\t\t\t<div class=\"liner-continer\">\n\t\t\t\t<h2 class=\"woodmart-title-container title  wd-font-weight- wd-fontsize-l\" >Inspektionen &amp; Wartung<\/h2>\n\t\t\t\t\t\t\t<\/div>\n\t\t\t\n\t\t\t\n\t\t\t\n\t\t<\/div>\n\t\t\n\t\t\t\t\t<link rel=\"stylesheet\" id=\"wd-text-block-css\" href=\"https:\/\/tkspro.de\/wp-content\/themes\/woodmart\/css\/parts\/el-text-block.min.css?ver=7.5.2\" type=\"text\/css\" media=\"all\" \/> \t\t\t\t\t<div id=\"wd-66d9d891ba95d\" class=\"wd-text-block wd-wpb reset-last-child wd-rs-66d9d891ba95d text-left \">\n\t\t\t<p>Bei <strong>TKS Pro GmbH<\/strong> wissen wir, wie wichtig Getriebe f\u00fcr den Betrieb von Gasturbinen sind. Um sicherzustellen, dass diese komplexen Komponenten weiterhin optimal funktionieren, sind regelm\u00e4\u00dfige Wartungen und gr\u00fcndliche Inspektionen unerl\u00e4sslich. Unser Getriebe\u00fcberholungsservice ist darauf ausgelegt, Abnutzung zu beheben, die Lebensdauer Ihrer Ausr\u00fcstung zu verl\u00e4ngern und unerwartete Ausf\u00e4lle zu verhindern.<\/p>\n\t\t<\/div>\n\t\t[\/vc_column][\/vc_row][vc_row content_placement=&#8220;middle&#8220; woodmart_box_shadow=&#8220;no&#8220; wd_z_index=&#8220;no&#8220; woodmart_css_id=&#8220;66ffe44706a51&#8243; responsive_spacing=&#8220;eyJwYXJhbV90eXBlIjoid29vZG1hcnRfcmVzcG9uc2l2ZV9zcGFjaW5nIiwic2VsZWN0b3JfaWQiOiI2NmZmZTQ0NzA2YTUxIiwic2hvcnRjb2RlIjoidmNfcm93IiwiZGF0YSI6eyJ0YWJsZXQiOnsibWFyZ2luLXRvcCI6IjMwIn0sIm1vYmlsZSI6eyJtYXJnaW4tdG9wIjoiMjAifX19&#8243; mobile_bg_img_hidden=&#8220;no&#8220; tablet_bg_img_hidden=&#8220;no&#8220; woodmart_parallax=&#8220;0&#8243; woodmart_gradient_switch=&#8220;no&#8220; row_reverse_mobile=&#8220;0&#8243; row_reverse_tablet=&#8220;0&#8243; woodmart_disable_overflow=&#8220;0&#8243; css=&#8220;.vc_custom_1728046162992{margin-top: 40px !important;}&#8220;][vc_column css=&#8220;.vc_custom_1496394309784{padding-top: 0px !important;}&#8220; offset=&#8220;vc_col-md-6 vc_col-xs-12&#8243;]\t\t<div id=\"wd-66ffe4898a456\" class=\"wd-image wd-wpb wd-rs-66ffe4898a456 text-center \">\n\t\t\t\n\t\t\t<img loading=\"lazy\" decoding=\"async\" width=\"1000\" height=\"667\" src=\"https:\/\/tkspro.de\/wp-content\/uploads\/2024\/10\/Alignment-and-Corrective-Actions-3.jpg\" class=\"attachment-full size-full\" alt=\"Alignment and Corrective Actions - TKS PRO Gmbh (Turbo Kompressor Service)\" srcset=\"https:\/\/tkspro.de\/wp-content\/uploads\/2024\/10\/Alignment-and-Corrective-Actions-3.jpg 1000w, https:\/\/tkspro.de\/wp-content\/uploads\/2024\/10\/Alignment-and-Corrective-Actions-3-400x267.jpg 400w, https:\/\/tkspro.de\/wp-content\/uploads\/2024\/10\/Alignment-and-Corrective-Actions-3-768x512.jpg 768w, https:\/\/tkspro.de\/wp-content\/uploads\/2024\/10\/Alignment-and-Corrective-Actions-3-430x287.jpg 430w, https:\/\/tkspro.de\/wp-content\/uploads\/2024\/10\/Alignment-and-Corrective-Actions-3-700x467.jpg 700w, https:\/\/tkspro.de\/wp-content\/uploads\/2024\/10\/Alignment-and-Corrective-Actions-3-150x100.jpg 150w\" sizes=\"auto, (max-width: 1000px) 100vw, 1000px\" \/>\n\t\t\t\t\t<\/div>\n\t\t[\/vc_column][vc_column offset=&#8220;vc_col-md-6 vc_col-xs-12&#8243;]\t\t<div id=\"wd-66d9d8a50b70d\" class=\"wd-text-block wd-wpb reset-last-child wd-rs-66d9d8a50b70d text-left \">\n\t\t\t<h3>Wartung:<\/h3>\n<p>Unser umfassendes Wartungsprogramm umfasst die regelm\u00e4\u00dfige Schmierung, Einstellung und Kalibrierung der Getriebekomponenten. Wir verwenden fortschrittliche Diagnosetools, um den Zustand Ihres Getriebes zu \u00fcberwachen und fr\u00fchzeitige Anzeichen von Verschlei\u00df oder potenziellen Problemen zu erkennen. Dieser proaktive Ansatz erm\u00f6glicht es uns, notwendige Anpassungen und Austauschma\u00dfnahmen durchzuf\u00fchren, bevor kleinere Probleme zu gr\u00f6\u00dferen werden.  <\/p>\n<h3>Inspektionen:<\/h3>\n<p>Unser detaillierter Inspektionsprozess umfasst eine gr\u00fcndliche Untersuchung aller Getriebekomponenten, einschlie\u00dflich Lager, Zahnr\u00e4der, Wellen und Dichtungen. Wir \u00fcberpr\u00fcfen auf Anzeichen von Verschlei\u00df, Korrosion oder Fehlstellungen, um sicherzustellen, dass Ihr Getriebe reibungslos und effizient arbeitet. Nach jeder Inspektion stellen wir einen umfassenden Bericht mit Empfehlungen f\u00fcr erforderliche Reparaturen oder Anpassungen bereit.<\/p>\n\t\t<\/div>\n\t\t[\/vc_column][\/vc_row][vc_row css=&#8220;.vc_custom_1728046212514{margin-top: 40px !important;}&#8220; woodmart_css_id=&#8220;66ffe478351a6&#8243; responsive_spacing=&#8220;eyJwYXJhbV90eXBlIjoid29vZG1hcnRfcmVzcG9uc2l2ZV9zcGFjaW5nIiwic2VsZWN0b3JfaWQiOiI2NmZmZTQ3ODM1MWE2Iiwic2hvcnRjb2RlIjoidmNfcm93IiwiZGF0YSI6eyJ0YWJsZXQiOnsibWFyZ2luLXRvcCI6IjMwIn0sIm1vYmlsZSI6eyJtYXJnaW4tdG9wIjoiMjAifX19&#8243; mobile_bg_img_hidden=&#8220;no&#8220; tablet_bg_img_hidden=&#8220;no&#8220; woodmart_parallax=&#8220;0&#8243; woodmart_gradient_switch=&#8220;no&#8220; woodmart_box_shadow=&#8220;no&#8220; wd_z_index=&#8220;no&#8220; woodmart_disable_overflow=&#8220;0&#8243; row_reverse_mobile=&#8220;0&#8243; row_reverse_tablet=&#8220;0&#8243;][vc_column]\t\t<div id=\"wd-66d961288f34c\" class=\"wd-text-block wd-wpb reset-last-child wd-rs-66d961288f34c text-left \">\n\t\t\t<p>Die Wahl von <strong>TKS Pro GmbH<\/strong> f\u00fcr Ihre Getriebewartung und -inspektionen stellt sicher, dass Ihre Gasturbine mit h\u00f6chster Leistung arbeitet, Ausfallzeiten minimiert und die Zuverl\u00e4ssigkeit maximiert wird.<\/p>\n\t\t<\/div>\n\t\t[\/vc_column][\/vc_row]<\/p>\n<\/div>","protected":false},"excerpt":{"rendered":"<p>[vc_row][vc_column][\/vc_column][\/vc_row][vc_row content_placement=&#8220;middle&#8220; woodmart_box_shadow=&#8220;no&#8220; wd_z_index=&#8220;no&#8220; woodmart_css_id=&#8220;66ffe44706a51&#8243; responsive_spacing=&#8220;eyJwYXJhbV90eXBlIjoid29vZG1hcnRfcmVzcG9uc2l2ZV9zcGFjaW5nIiwic2VsZWN0b3JfaWQiOiI2NmZmZTQ0NzA2YTUxIiwic2hvcnRjb2RlIjoidmNfcm93IiwiZGF0YSI6eyJ0YWJsZXQiOnsibWFyZ2luLXRvcCI6IjMwIn0sIm1vYmlsZSI6eyJtYXJnaW4tdG9wIjoiMjAifX19&#8243; mobile_bg_img_hidden=&#8220;no&#8220; tablet_bg_img_hidden=&#8220;no&#8220; woodmart_parallax=&#8220;0&#8243; woodmart_gradient_switch=&#8220;no&#8220; row_reverse_mobile=&#8220;0&#8243; row_reverse_tablet=&#8220;0&#8243; woodmart_disable_overflow=&#8220;0&#8243; css=&#8220;.vc_custom_1728046162992{margin-top: 40px !important;}&#8220;][vc_column css=&#8220;.vc_custom_1496394309784{padding-top: 0px !important;}&#8220; offset=&#8220;vc_col-md-6<\/p>\n","protected":false},"author":1,"featured_media":0,"parent":11341,"menu_order":0,"comment_status":"closed","ping_status":"closed","template":"","meta":{"footnotes":""},"class_list":["post-11353","page","type-page","status-publish","hentry"],"_links":{"self":[{"href":"https:\/\/tkspro.de\/de\/wp-json\/wp\/v2\/pages\/11353","targetHints":{"allow":["GET"]}}],"collection":[{"href":"https:\/\/tkspro.de\/de\/wp-json\/wp\/v2\/pages"}],"about":[{"href":"https:\/\/tkspro.de\/de\/wp-json\/wp\/v2\/types\/page"}],"author":[{"embeddable":true,"href":"https:\/\/tkspro.de\/de\/wp-json\/wp\/v2\/users\/1"}],"replies":[{"embeddable":true,"href":"https:\/\/tkspro.de\/de\/wp-json\/wp\/v2\/comments?post=11353"}],"version-history":[{"count":0,"href":"https:\/\/tkspro.de\/de\/wp-json\/wp\/v2\/pages\/11353\/revisions"}],"up":[{"embeddable":true,"href":"https:\/\/tkspro.de\/de\/wp-json\/wp\/v2\/pages\/11341"}],"wp:attachment":[{"href":"https:\/\/tkspro.de\/de\/wp-json\/wp\/v2\/media?parent=11353"}],"curies":[{"name":"wp","href":"https:\/\/api.w.org\/{rel}","templated":true}]}}