{"id":11275,"date":"2024-09-24T18:48:43","date_gmt":"2024-09-24T16:48:43","guid":{"rendered":"https:\/\/tkspro.de\/dienstleistungen\/reverse-engineering\/bauteilherstellung\/"},"modified":"2024-10-08T15:18:12","modified_gmt":"2024-10-08T13:18:12","slug":"bauteilherstellung","status":"publish","type":"page","link":"https:\/\/tkspro.de\/de\/dienstleistungen\/reverse-engineering\/bauteilherstellung\/","title":{"rendered":"Bauteilherstellung"},"content":{"rendered":"<div class=\"wpb-content-wrapper\"><p>[vc_row][vc_column]\t\t<div id=\"wd-67037b0aec340\" class=\"wd-image wd-wpb wd-rs-67037b0aec340 text-center \">\n\t\t\t\n\t\t\t<img loading=\"lazy\" decoding=\"async\" width=\"1222\" height=\"300\" src=\"https:\/\/tkspro.de\/wp-content\/uploads\/2024\/10\/4.2-Reverse-Engineering-Gas-Trubine-Repair-Services-Banner-1222x300.jpg\" class=\"attachment-1222x300 size-1222x300\" alt=\"Reverse Engineering Gas Trubine Repair Services - TKS PRO Gmbh (Turbo Kompressor Service)\" \/>\n\t\t\t\t\t<\/div>\n\t\t\t\t\t<link rel=\"stylesheet\" id=\"wd-section-title-css\" href=\"https:\/\/tkspro.de\/wp-content\/themes\/woodmart\/css\/parts\/el-section-title.min.css?ver=7.5.2\" type=\"text\/css\" media=\"all\" \/> \t\t\t\t\t\t<link rel=\"stylesheet\" id=\"wd-mod-highlighted-text-css\" href=\"https:\/\/tkspro.de\/wp-content\/themes\/woodmart\/css\/parts\/mod-highlighted-text.min.css?ver=7.5.2\" type=\"text\/css\" media=\"all\" \/> \t\t\t\n\t\t<div id=\"wd-66f2ed7210d2d\" class=\"title-wrapper wd-wpb set-mb-s reset-last-child  wd-rs-66f2ed7210d2d wd-title-color-default wd-title-style-default text-left vc_custom_1727196540102 wd-width-custom wd-underline-colored\">\n\t\t\t\n\t\t\t<div class=\"liner-continer\">\n\t\t\t\t<h2 class=\"woodmart-title-container title  wd-font-weight- wd-fontsize-l\" >Bauteilherstellung<\/h2>\n\t\t\t\t\t\t\t<\/div>\n\t\t\t\n\t\t\t\n\t\t\t\n\t\t<\/div>\n\t\t\n\t\t\t\t\t<link rel=\"stylesheet\" id=\"wd-text-block-css\" href=\"https:\/\/tkspro.de\/wp-content\/themes\/woodmart\/css\/parts\/el-text-block.min.css?ver=7.5.2\" type=\"text\/css\" media=\"all\" \/> \t\t\t\t\t<div id=\"wd-66f2ed5417620\" class=\"wd-text-block wd-wpb reset-last-child wd-rs-66f2ed5417620 text-left \">\n\t\t\t<p>In unseren hochmodernen Fertigungsanlagen produzieren wir hochpr\u00e4zise Komponenten f\u00fcr Gasturbinen. Von kleinen Teilen bis hin zu gro\u00dfen Baugruppen sorgt <strong>TKS Pro GmbH<\/strong> daf\u00fcr, dass jede Komponente nach den h\u00f6chsten Industriestandards gefertigt wird. Unser Fertigungsprozess ist flexibel und erm\u00f6glicht sowohl Kleinserien- als auch Gro\u00dfserienfertigung, je nach Ihren spezifischen Anforderungen.<\/p>\n\t\t<\/div>\n\t\t[\/vc_column][\/vc_row][vc_row content_placement=&#8220;middle&#8220; woodmart_box_shadow=&#8220;no&#8220; wd_z_index=&#8220;no&#8220; woodmart_css_id=&#8220;6700199dc0790&#8243; responsive_spacing=&#8220;eyJwYXJhbV90eXBlIjoid29vZG1hcnRfcmVzcG9uc2l2ZV9zcGFjaW5nIiwic2VsZWN0b3JfaWQiOiI2NzAwMTk5ZGMwNzkwIiwic2hvcnRjb2RlIjoidmNfcm93IiwiZGF0YSI6eyJ0YWJsZXQiOnsibWFyZ2luLXRvcCI6IjMwIn0sIm1vYmlsZSI6eyJtYXJnaW4tdG9wIjoiMjAifX19&#8243; mobile_bg_img_hidden=&#8220;no&#8220; tablet_bg_img_hidden=&#8220;no&#8220; woodmart_parallax=&#8220;0&#8243; woodmart_gradient_switch=&#8220;no&#8220; row_reverse_mobile=&#8220;0&#8243; row_reverse_tablet=&#8220;0&#8243; woodmart_disable_overflow=&#8220;0&#8243; css=&#8220;.vc_custom_1728059822071{margin-top: 40px !important;}&#8220;][vc_column css=&#8220;.vc_custom_1496394309784{padding-top: 0px !important;}&#8220; offset=&#8220;vc_col-md-6 vc_col-xs-12&#8243;][\/vc_column][vc_column offset=&#8220;vc_col-md-6 vc_col-xs-12&#8243;][\/vc_column][\/vc_row]<\/p>\n<\/div>","protected":false},"excerpt":{"rendered":"<p>[vc_row][vc_column][\/vc_column][\/vc_row][vc_row content_placement=&#8220;middle&#8220; woodmart_box_shadow=&#8220;no&#8220; wd_z_index=&#8220;no&#8220; woodmart_css_id=&#8220;6700199dc0790&#8243; responsive_spacing=&#8220;eyJwYXJhbV90eXBlIjoid29vZG1hcnRfcmVzcG9uc2l2ZV9zcGFjaW5nIiwic2VsZWN0b3JfaWQiOiI2NzAwMTk5ZGMwNzkwIiwic2hvcnRjb2RlIjoidmNfcm93IiwiZGF0YSI6eyJ0YWJsZXQiOnsibWFyZ2luLXRvcCI6IjMwIn0sIm1vYmlsZSI6eyJtYXJnaW4tdG9wIjoiMjAifX19&#8243; mobile_bg_img_hidden=&#8220;no&#8220; tablet_bg_img_hidden=&#8220;no&#8220; woodmart_parallax=&#8220;0&#8243; woodmart_gradient_switch=&#8220;no&#8220; row_reverse_mobile=&#8220;0&#8243; row_reverse_tablet=&#8220;0&#8243; woodmart_disable_overflow=&#8220;0&#8243; css=&#8220;.vc_custom_1728059822071{margin-top: 40px !important;}&#8220;][vc_column css=&#8220;.vc_custom_1496394309784{padding-top: 0px !important;}&#8220; offset=&#8220;vc_col-md-6<\/p>\n","protected":false},"author":1,"featured_media":0,"parent":11261,"menu_order":0,"comment_status":"closed","ping_status":"closed","template":"","meta":{"footnotes":""},"class_list":["post-11275","page","type-page","status-publish","hentry"],"_links":{"self":[{"href":"https:\/\/tkspro.de\/de\/wp-json\/wp\/v2\/pages\/11275","targetHints":{"allow":["GET"]}}],"collection":[{"href":"https:\/\/tkspro.de\/de\/wp-json\/wp\/v2\/pages"}],"about":[{"href":"https:\/\/tkspro.de\/de\/wp-json\/wp\/v2\/types\/page"}],"author":[{"embeddable":true,"href":"https:\/\/tkspro.de\/de\/wp-json\/wp\/v2\/users\/1"}],"replies":[{"embeddable":true,"href":"https:\/\/tkspro.de\/de\/wp-json\/wp\/v2\/comments?post=11275"}],"version-history":[{"count":0,"href":"https:\/\/tkspro.de\/de\/wp-json\/wp\/v2\/pages\/11275\/revisions"}],"up":[{"embeddable":true,"href":"https:\/\/tkspro.de\/de\/wp-json\/wp\/v2\/pages\/11261"}],"wp:attachment":[{"href":"https:\/\/tkspro.de\/de\/wp-json\/wp\/v2\/media?parent=11275"}],"curies":[{"name":"wp","href":"https:\/\/api.w.org\/{rel}","templated":true}]}}