{"id":11111,"date":"2024-09-30T12:09:20","date_gmt":"2024-09-30T10:09:20","guid":{"rendered":"https:\/\/tkspro.de\/verkauf-von-kontrollsystemen\/"},"modified":"2024-10-07T15:40:34","modified_gmt":"2024-10-07T13:40:34","slug":"verkauf-von-kontrollsystemen","status":"publish","type":"page","link":"https:\/\/tkspro.de\/de\/produkte\/verkauf-von-kontrollsystemen\/","title":{"rendered":"Verkauf von Kontrollsystemen"},"content":{"rendered":"<div class=\"wpb-content-wrapper\"><p>[vc_row equal_height=&#8220;yes&#8220; content_placement=&#8220;top&#8220; woodmart_css_id=&#8220;66fa7ff4a6d2e&#8220; responsive_spacing=&#8220;eyJwYXJhbV90eXBlIjoid29vZG1hcnRfcmVzcG9uc2l2ZV9zcGFjaW5nIiwic2VsZWN0b3JfaWQiOiI2NmZhN2ZmNGE2ZDJlIiwic2hvcnRjb2RlIjoidmNfcm93IiwiZGF0YSI6eyJ0YWJsZXQiOnsibWFyZ2luLWJvdHRvbSI6IjE1In0sIm1vYmlsZSI6e319fQ==&#8220; mobile_bg_img_hidden=&#8220;no&#8220; tablet_bg_img_hidden=&#8220;no&#8220; woodmart_parallax=&#8220;0&#8243; woodmart_gradient_switch=&#8220;no&#8220; woodmart_box_shadow=&#8220;no&#8220; wd_z_index=&#8220;no&#8220; woodmart_disable_overflow=&#8220;0&#8243; row_reverse_mobile=&#8220;0&#8243; row_reverse_tablet=&#8220;0&#8243; css=&#8220;.vc_custom_1727692799120{margin-bottom: 25px !important;}&#8220;][vc_column offset=&#8220;vc_col-lg-7 vc_col-md-7&#8243; woodmart_css_id=&#8220;66fa7b7299715&#8243; parallax_scroll=&#8220;no&#8220; woodmart_sticky_column=&#8220;false&#8220; wd_collapsible_content_switcher=&#8220;no&#8220; wd_column_role_offcanvas_desktop=&#8220;no&#8220; wd_column_role_offcanvas_tablet=&#8220;no&#8220; wd_column_role_offcanvas_mobile=&#8220;no&#8220; wd_column_role_content_desktop=&#8220;no&#8220; wd_column_role_content_tablet=&#8220;no&#8220; wd_column_role_content_mobile=&#8220;no&#8220; mobile_bg_img_hidden=&#8220;no&#8220; tablet_bg_img_hidden=&#8220;no&#8220; woodmart_parallax=&#8220;0&#8243; woodmart_box_shadow=&#8220;no&#8220; responsive_spacing=&#8220;eyJwYXJhbV90eXBlIjoid29vZG1hcnRfcmVzcG9uc2l2ZV9zcGFjaW5nIiwic2VsZWN0b3JfaWQiOiI2NmZhN2I3Mjk5NzE1Iiwic2hvcnRjb2RlIjoidmNfY29sdW1uIiwiZGF0YSI6eyJ0YWJsZXQiOnt9LCJtb2JpbGUiOnt9fX0=&#8220; mobile_reset_margin=&#8220;no&#8220; tablet_reset_margin=&#8220;no&#8220; wd_z_index=&#8220;no&#8220;]\t\t\t<link rel=\"stylesheet\" id=\"wd-section-title-css\" href=\"https:\/\/tkspro.de\/wp-content\/themes\/woodmart\/css\/parts\/el-section-title.min.css?ver=7.5.2\" type=\"text\/css\" media=\"all\" \/> \t\t\t\t\t\t<link rel=\"stylesheet\" id=\"wd-mod-highlighted-text-css\" href=\"https:\/\/tkspro.de\/wp-content\/themes\/woodmart\/css\/parts\/mod-highlighted-text.min.css?ver=7.5.2\" type=\"text\/css\" media=\"all\" \/> \t\t\t\n\t\t<div id=\"wd-66fa854beeb4d\" class=\"title-wrapper wd-wpb set-mb-s reset-last-child  wd-rs-66fa854beeb4d wd-title-color-default wd-title-style-default text-left vc_custom_1727694161602 wd-underline-colored\">\n\t\t\t\n\t\t\t<div class=\"liner-continer\">\n\t\t\t\t<h2 class=\"woodmart-title-container title  wd-font-weight- wd-fontsize-l\" >Verkauf von Steuerungssystemen f\u00fcr Gasturbinen<\/h2>\n\t\t\t\t\t\t\t<\/div>\n\t\t\t\n\t\t\t\n\t\t\t\n\t\t<\/div>\n\t\t\n\t\t\t\t\t<link rel=\"stylesheet\" id=\"wd-text-block-css\" href=\"https:\/\/tkspro.de\/wp-content\/themes\/woodmart\/css\/parts\/el-text-block.min.css?ver=7.5.2\" type=\"text\/css\" media=\"all\" \/> \t\t\t\t\t<div id=\"wd-66fa857df3d69\" class=\"wd-text-block wd-wpb reset-last-child wd-rs-66fa857df3d69 text-left vc_custom_1727694213117\">\n\t\t\t<p>Bei <strong>TKS Pro GmbH<\/strong> bieten wir fortschrittliche <strong>Steuerungssysteme<\/strong> f\u00fcr Gasturbinen an, die eine optimale Leistung, Effizienz und Sicherheit gew\u00e4hrleisten.<\/p>\n<p>Steuerungssysteme sind ein wesentlicher Bestandteil des Betriebs von Gasturbinen, da sie den Brennstofffluss, die Temperatur, den Druck und andere wichtige Parameter regeln, um sicherzustellen, dass die Turbine innerhalb der festgelegten Grenzen arbeitet.<\/p>\n<p>Mit unseren modernen Steuerungsl\u00f6sungen unterst\u00fctzen wir Unternehmen dabei, einen reibungslosen und zuverl\u00e4ssigen Betrieb ihrer Turbinen in verschiedenen Branchen wie Energieerzeugung, \u00d6l und Gas sowie industrielle Verarbeitung aufrechtzuerhalten.<\/p>\n\t\t<\/div>\n\t\t[vc_row_inner equal_height=&#8220;yes&#8220; content_placement=&#8220;middle&#8220;][vc_column_inner css=&#8220;.vc_custom_1481476631480{margin-bottom: 20px !important;}&#8220;]<div id=\"wd-66fbe1abf1629\" class=\" wd-rs-66fbe1abf1629  wd-button-wrapper text-left\"><a href=\"https:\/\/tkspro.de\/de\/kontaktieren-sie-uns\/\" title=\"Kontaktieren Sie uns\" class=\"btn btn-scheme-light btn-scheme-hover-light btn-style-default btn-style-semi-round btn-size-default\">Produkt Bestellen<\/a><\/div>[\/vc_column_inner][\/vc_row_inner][\/vc_column][vc_column woodmart_sticky_column_offset=&#8220;150&#8243; woodmart_sticky_column=&#8220;true&#8220; offset=&#8220;vc_col-lg-5 vc_hidden-lg vc_col-md-5 vc_hidden-md vc_hidden-sm vc_hidden-xs&#8220; css=&#8220;.vc_custom_1728286984563{margin-bottom: 15px !important;margin-left: 50px !important;}&#8220; woodmart_css_id=&#8220;670391022adae&#8220; parallax_scroll=&#8220;no&#8220; wd_collapsible_content_switcher=&#8220;no&#8220; wd_column_role_offcanvas_desktop=&#8220;no&#8220; wd_column_role_offcanvas_tablet=&#8220;no&#8220; wd_column_role_offcanvas_mobile=&#8220;no&#8220; wd_column_role_content_desktop=&#8220;no&#8220; wd_column_role_content_tablet=&#8220;no&#8220; wd_column_role_content_mobile=&#8220;no&#8220; mobile_bg_img_hidden=&#8220;no&#8220; tablet_bg_img_hidden=&#8220;no&#8220; woodmart_parallax=&#8220;0&#8243; woodmart_box_shadow=&#8220;no&#8220; responsive_spacing=&#8220;eyJwYXJhbV90eXBlIjoid29vZG1hcnRfcmVzcG9uc2l2ZV9zcGFjaW5nIiwic2VsZWN0b3JfaWQiOiI2NzAzOTEwMjJhZGFlIiwic2hvcnRjb2RlIjoidmNfY29sdW1uIiwiZGF0YSI6eyJ0YWJsZXQiOnsibWFyZ2luLWxlZnQiOiIwcHgifSwibW9iaWxlIjp7Im1hcmdpbi1sZWZ0IjoiMHB4In19fQ==&#8220; mobile_reset_margin=&#8220;no&#8220; tablet_reset_margin=&#8220;no&#8220; wd_z_index=&#8220;no&#8220;]\t\t\t<link rel=\"stylesheet\" id=\"wd-photoswipe-css\" href=\"https:\/\/tkspro.de\/wp-content\/themes\/woodmart\/css\/parts\/lib-photoswipe.min.css?ver=7.5.2\" type=\"text\/css\" media=\"all\" \/> \t\t\t\t\t\t<link rel=\"stylesheet\" id=\"wd-image-gallery-css\" href=\"https:\/\/tkspro.de\/wp-content\/themes\/woodmart\/css\/parts\/el-gallery.min.css?ver=7.5.2\" type=\"text\/css\" media=\"all\" \/> \t\t\t\t\t<div id=\"gallery_436\" class=\"wd-images-gallery wd-wpb wd-rs-66fc2674df8f5 photoswipe-images\" style=\"--wd-justify-content:center;--wd-align-items:center;\">\n\t\t\t\n\t\t\t<div class=\" wd-grid-g\" style=\"--wd-col-lg:1;--wd-col-md:1;--wd-col-sm:1;--wd-gap-lg:30px;--wd-gap-sm:10px;\">\n\t\t\t\t\n\t\t\t\t\t\t\t\t\t\t\t\t\t\t\t<div class=\"wd-gallery-item wd-col\">\n\t\t\t\t\t\t\t\t\t\t\t\t\t\t<a href=\"https:\/\/tkspro.de\/wp-content\/uploads\/2024\/10\/6.-Sale-of-Control-Systems-for-Gas-Turbines.jpeg\" data-elementor-open-lightbox=\"no\" data-index=\"1\" data-width=\"1280\" data-height=\"720\" \n\t\t\t\t\t\t\t\t\t\t\t\t >\n\t\t\t\t\t\t\t\t\n\t\t\t\t\t\t\t\t<img loading=\"lazy\" decoding=\"async\" width=\"1280\" height=\"720\" src=\"https:\/\/tkspro.de\/wp-content\/uploads\/2024\/10\/6.-Sale-of-Control-Systems-for-Gas-Turbines.jpeg\" class=\"wd-gallery-image image-1\" alt=\"\" srcset=\"https:\/\/tkspro.de\/wp-content\/uploads\/2024\/10\/6.-Sale-of-Control-Systems-for-Gas-Turbines.jpeg 1280w, https:\/\/tkspro.de\/wp-content\/uploads\/2024\/10\/6.-Sale-of-Control-Systems-for-Gas-Turbines-400x225.jpeg 400w, https:\/\/tkspro.de\/wp-content\/uploads\/2024\/10\/6.-Sale-of-Control-Systems-for-Gas-Turbines-768x432.jpeg 768w, https:\/\/tkspro.de\/wp-content\/uploads\/2024\/10\/6.-Sale-of-Control-Systems-for-Gas-Turbines-430x242.jpeg 430w, https:\/\/tkspro.de\/wp-content\/uploads\/2024\/10\/6.-Sale-of-Control-Systems-for-Gas-Turbines-700x394.jpeg 700w, https:\/\/tkspro.de\/wp-content\/uploads\/2024\/10\/6.-Sale-of-Control-Systems-for-Gas-Turbines-150x84.jpeg 150w\" sizes=\"auto, (max-width: 1280px) 100vw, 1280px\" \/>\n\t\t\t\t\t\t\t\t\t\t\t\t\t\t\t<\/a>\n\t\t\t\t\t\t\t\t\t\t\t\t<\/div>\n\t\t\t\t\t\t\t\t\t\n\t\t\t\t\t\t\t<\/div>\n\n\t\t\t\t\t<\/div>\n\t\t[\/vc_column][\/vc_row][vc_row css=&#8220;.vc_custom_1727694505440{margin-bottom: 25px !important;}&#8220; woodmart_css_id=&#8220;66fa86a1742ef&#8220; responsive_spacing=&#8220;eyJwYXJhbV90eXBlIjoid29vZG1hcnRfcmVzcG9uc2l2ZV9zcGFjaW5nIiwic2VsZWN0b3JfaWQiOiI2NmZhODZhMTc0MmVmIiwic2hvcnRjb2RlIjoidmNfcm93IiwiZGF0YSI6eyJ0YWJsZXQiOnsibWFyZ2luLWJvdHRvbSI6IjE1In0sIm1vYmlsZSI6e319fQ==&#8220; mobile_bg_img_hidden=&#8220;no&#8220; tablet_bg_img_hidden=&#8220;no&#8220; woodmart_parallax=&#8220;0&#8243; woodmart_gradient_switch=&#8220;no&#8220; woodmart_box_shadow=&#8220;no&#8220; wd_z_index=&#8220;no&#8220; woodmart_disable_overflow=&#8220;0&#8243; row_reverse_mobile=&#8220;0&#8243; row_reverse_tablet=&#8220;0&#8243;][vc_column width=&#8220;1\/2&#8243;]\t\t<div id=\"wd-66fa8d0a84080\" class=\"wd-text-block wd-wpb reset-last-child wd-rs-66fa8d0a84080 text-left wd-width-enabled \" style=\"--wd-max-width: 90%;\">\n\t\t\t<h3>Funktionen der Steuerungssysteme<\/h3>\n<p><strong>Unsere Steuerungssysteme f\u00fcr Gasturbinen bieten folgende Hauptfunktionen:<\/strong><\/p>\n<ul>\n<li><strong>Echtzeit\u00fcberwachung:<\/strong> \u00dcberwacht kontinuierlich wichtige Parameter wie Temperatur, Druck und Brennstoffzufuhr, um die Leistung zu optimieren.<\/li>\n<li><strong>Automatisierte Abl\u00e4ufe:<\/strong> Erm\u00f6glicht den vollautomatischen Start, Stopp und Betrieb der Turbine, um das Risiko von Bedienfehlern zu minimieren.<\/li>\n<li><strong>Fehlererkennung und Diagnose:<\/strong> Erkennt potenzielle Probleme fr\u00fchzeitig und bietet Diagnose- und Warnsysteme, um kostspielige Ausfallzeiten zu vermeiden.<\/li>\n<li><strong>Fern\u00fcberwachung und -steuerung:<\/strong> Erm\u00f6glicht es den Bedienern, die Turbine aus der Ferne zu \u00fcberwachen und zu steuern, was Flexibilit\u00e4t und erh\u00f6hte Betriebssicherheit gew\u00e4hrleistet.<\/li>\n<li><strong>Anpassbare Schnittstellen:<\/strong> Benutzerfreundliche Schnittstellen, die f\u00fcr eine intuitive Bedienung ausgelegt und an spezifische Kundenanforderungen angepasst sind.<\/li>\n<\/ul>\n\t\t<\/div>\n\t\t[\/vc_column][vc_column width=&#8220;1\/2&#8243;]\t\t<div id=\"wd-66fa8d041f8af\" class=\"wd-text-block wd-wpb reset-last-child wd-rs-66fa8d041f8af text-left wd-width-enabled \" style=\"--wd-max-width: 90%;\">\n\t\t\t<h3>Vorteile unserer Steuerungssysteme<\/h3>\n<ul>\n<li><strong>Erh\u00f6hte Effizienz:<\/strong> Durch die pr\u00e4zise Steuerung von Brennstoff, Luft und Stromerzeugungsprozessen verbessern unsere Steuerungssysteme die Effizienz von Gasturbinen erheblich.<\/li>\n<li><strong>Erh\u00f6hte Sicherheit:<\/strong> Unsere Systeme sind mit umfassenden Sicherheitsfunktionen ausgestattet, darunter Notabschaltungen, Echtzeit-Diagnose und automatische Fehlerbehebung, um sowohl das Ger\u00e4t als auch die Bediener zu sch\u00fctzen.<\/li>\n<li><strong>Weniger Ausfallzeiten: <\/strong>Fr\u00fche Fehlererkennung und Diagnosen tragen dazu bei, unerwartete Ausf\u00e4lle zu verhindern, wodurch Ausfallzeiten und Reparaturkosten reduziert werden.<\/li>\n<li><strong>Energieeinsparungen: <\/strong>Die Optimierung des Turbinenbetriebs senkt den Brennstoffverbrauch, was zu Kosteneinsparungen und einer geringeren Umweltbelastung f\u00fchrt.<\/li>\n<\/ul>\n\t\t<\/div>\n\t\t[\/vc_column][\/vc_row][vc_row css=&#8220;.vc_custom_1727694718444{margin-bottom: 25px !important;}&#8220; woodmart_css_id=&#8220;66fa8775edcd0&#8243; responsive_spacing=&#8220;eyJwYXJhbV90eXBlIjoid29vZG1hcnRfcmVzcG9uc2l2ZV9zcGFjaW5nIiwic2VsZWN0b3JfaWQiOiI2NmZhODc3NWVkY2QwIiwic2hvcnRjb2RlIjoidmNfcm93IiwiZGF0YSI6eyJ0YWJsZXQiOnsibWFyZ2luLWJvdHRvbSI6IjE1In0sIm1vYmlsZSI6e319fQ==&#8220; mobile_bg_img_hidden=&#8220;no&#8220; tablet_bg_img_hidden=&#8220;no&#8220; woodmart_parallax=&#8220;0&#8243; woodmart_gradient_switch=&#8220;no&#8220; woodmart_box_shadow=&#8220;no&#8220; wd_z_index=&#8220;no&#8220; woodmart_disable_overflow=&#8220;0&#8243; row_reverse_mobile=&#8220;0&#8243; row_reverse_tablet=&#8220;0&#8243;][vc_column width=&#8220;1\/2&#8243;]\t\t<div id=\"wd-66fa87388045e\" class=\"wd-text-block wd-wpb reset-last-child wd-rs-66fa87388045e text-left \">\n\t\t\t<h3>Verf\u00fcgbare Steuerungssysteme<\/h3>\n<p><strong>Wir bieten Steuerungssysteme von f\u00fchrenden Herstellern, darunter:<\/strong><\/p>\n<ul>\n<li><strong>Siemens T3000:<\/strong> Ein hochmodernes und flexibles Steuerungssystem, das f\u00fcr gro\u00dfangelegte Gasturbinen entwickelt wurde und eine Echtzeitdatenverarbeitung sowie pr\u00e4zise Steuerung erm\u00f6glicht.<\/li>\n<li><strong>GE Mark VIe:<\/strong> Dieses System bietet umfassende Steuerung, Schutz und \u00dcberwachung f\u00fcr Gasturbinen, mit erweiterten Diagnosefunktionen und Fernsteuerungsm\u00f6glichkeiten.<\/li>\n<li><strong>Woodward MicroNet:<\/strong> Ein zuverl\u00e4ssiges und anpassbares Steuerungssystem, das sich ideal f\u00fcr mittelgro\u00dfe bis gro\u00dfe Gasturbinenanwendungen eignet und Flexibilit\u00e4t und Skalierbarkeit bietet.<\/li>\n<\/ul>\n\t\t<\/div>\n\t\t[\/vc_column][vc_column width=&#8220;1\/2&#8243; offset=&#8220;vc_hidden-lg vc_hidden-md vc_hidden-sm vc_hidden-xs&#8220; woodmart_css_id=&#8220;6703910e469ce&#8220; parallax_scroll=&#8220;no&#8220; woodmart_sticky_column=&#8220;false&#8220; wd_collapsible_content_switcher=&#8220;no&#8220; wd_column_role_offcanvas_desktop=&#8220;no&#8220; wd_column_role_offcanvas_tablet=&#8220;no&#8220; wd_column_role_offcanvas_mobile=&#8220;no&#8220; wd_column_role_content_desktop=&#8220;no&#8220; wd_column_role_content_tablet=&#8220;no&#8220; wd_column_role_content_mobile=&#8220;no&#8220; mobile_bg_img_hidden=&#8220;no&#8220; tablet_bg_img_hidden=&#8220;no&#8220; woodmart_parallax=&#8220;0&#8243; woodmart_box_shadow=&#8220;no&#8220; responsive_spacing=&#8220;eyJwYXJhbV90eXBlIjoid29vZG1hcnRfcmVzcG9uc2l2ZV9zcGFjaW5nIiwic2VsZWN0b3JfaWQiOiI2NzAzOTEwZTQ2OWNlIiwic2hvcnRjb2RlIjoidmNfY29sdW1uIiwiZGF0YSI6eyJ0YWJsZXQiOnt9LCJtb2JpbGUiOnt9fX0=&#8220; mobile_reset_margin=&#8220;no&#8220; tablet_reset_margin=&#8220;no&#8220; wd_z_index=&#8220;no&#8220;]\t\t<div id=\"wd-66fc2717043cc\" class=\"wd-image wd-wpb wd-rs-66fc2717043cc text-center \">\n\t\t\t\n\t\t\t<img loading=\"lazy\" decoding=\"async\" width=\"400\" height=\"400\" src=\"https:\/\/tkspro.de\/wp-content\/uploads\/2024\/10\/6.2-Sale-of-Control-Systems-for-Gas-Turbines-2.jpg\" class=\"attachment-full size-full\" alt=\"Sale of Control Systems for Gas Turbines - TKS PRO Gmbh (Turbo Kompressor Service)\" srcset=\"https:\/\/tkspro.de\/wp-content\/uploads\/2024\/10\/6.2-Sale-of-Control-Systems-for-Gas-Turbines-2.jpg 400w, https:\/\/tkspro.de\/wp-content\/uploads\/2024\/10\/6.2-Sale-of-Control-Systems-for-Gas-Turbines-2-300x300.jpg 300w, https:\/\/tkspro.de\/wp-content\/uploads\/2024\/10\/6.2-Sale-of-Control-Systems-for-Gas-Turbines-2-150x150.jpg 150w\" sizes=\"auto, (max-width: 400px) 100vw, 400px\" \/>\n\t\t\t\t\t<\/div>\n\t\t[\/vc_column][\/vc_row][vc_row][vc_column]\t\t<div id=\"wd-66fa87165b1e0\" class=\"wd-text-block wd-wpb reset-last-child wd-rs-66fa87165b1e0 text-left \">\n\t\t\t<h3>Warum TKS Pro GmbH w\u00e4hlen?<\/h3>\n<ol>\n<li><strong>Fachkompetenz:<\/strong> Mit jahrelanger Erfahrung in der Gasturbinenbranche bieten wir fachkundige Beratung bei der Auswahl und Installation der passenden Steuerungssysteme f\u00fcr Ihre Turbinen.<\/li>\n<li><strong>Individuelle L\u00f6sungen:<\/strong> Unsere Steuerungssysteme k\u00f6nnen an die spezifischen Anforderungen Ihres Gasturbinenbetriebs angepasst werden.<\/li>\n<li><strong>Technische Unterst\u00fctzung: <\/strong>Wir bieten umfassende Unterst\u00fctzung, einschlie\u00dflich Installation, Wartung und Fehlersuche, um sicherzustellen, dass Ihr Steuerungssystem reibungslos funktioniert.<\/li>\n<\/ol>\n<p>Bei <strong>TKS Pro GmbH<\/strong> setzen wir uns daf\u00fcr ein, leistungsstarke Steuerungssysteme bereitzustellen, die die Zuverl\u00e4ssigkeit und Effizienz Ihrer Gasturbinen gew\u00e4hrleisten. Kontaktieren Sie uns noch heute, um mehr \u00fcber unsere Steuerungssysteml\u00f6sungen zu erfahren.<\/p>\n\t\t<\/div>\n\t\t[\/vc_column][\/vc_row]<\/p>\n<\/div>","protected":false},"excerpt":{"rendered":"<p>[vc_row equal_height=&#8220;yes&#8220; content_placement=&#8220;top&#8220; woodmart_css_id=&#8220;66fa7ff4a6d2e&#8220; responsive_spacing=&#8220;eyJwYXJhbV90eXBlIjoid29vZG1hcnRfcmVzcG9uc2l2ZV9zcGFjaW5nIiwic2VsZWN0b3JfaWQiOiI2NmZhN2ZmNGE2ZDJlIiwic2hvcnRjb2RlIjoidmNfcm93IiwiZGF0YSI6eyJ0YWJsZXQiOnsibWFyZ2luLWJvdHRvbSI6IjE1In0sIm1vYmlsZSI6e319fQ==&#8220; mobile_bg_img_hidden=&#8220;no&#8220; tablet_bg_img_hidden=&#8220;no&#8220; woodmart_parallax=&#8220;0&#8243; woodmart_gradient_switch=&#8220;no&#8220; woodmart_box_shadow=&#8220;no&#8220; wd_z_index=&#8220;no&#8220; woodmart_disable_overflow=&#8220;0&#8243; row_reverse_mobile=&#8220;0&#8243; row_reverse_tablet=&#8220;0&#8243; css=&#8220;.vc_custom_1727692799120{margin-bottom: 25px !important;}&#8220;][vc_column offset=&#8220;vc_col-lg-7 vc_col-md-7&#8243; woodmart_css_id=&#8220;66fa7b7299715&#8243;<\/p>\n","protected":false},"author":1,"featured_media":0,"parent":11127,"menu_order":0,"comment_status":"closed","ping_status":"closed","template":"","meta":{"footnotes":""},"class_list":["post-11111","page","type-page","status-publish","hentry"],"_links":{"self":[{"href":"https:\/\/tkspro.de\/de\/wp-json\/wp\/v2\/pages\/11111","targetHints":{"allow":["GET"]}}],"collection":[{"href":"https:\/\/tkspro.de\/de\/wp-json\/wp\/v2\/pages"}],"about":[{"href":"https:\/\/tkspro.de\/de\/wp-json\/wp\/v2\/types\/page"}],"author":[{"embeddable":true,"href":"https:\/\/tkspro.de\/de\/wp-json\/wp\/v2\/users\/1"}],"replies":[{"embeddable":true,"href":"https:\/\/tkspro.de\/de\/wp-json\/wp\/v2\/comments?post=11111"}],"version-history":[{"count":0,"href":"https:\/\/tkspro.de\/de\/wp-json\/wp\/v2\/pages\/11111\/revisions"}],"up":[{"embeddable":true,"href":"https:\/\/tkspro.de\/de\/wp-json\/wp\/v2\/pages\/11127"}],"wp:attachment":[{"href":"https:\/\/tkspro.de\/de\/wp-json\/wp\/v2\/media?parent=11111"}],"curies":[{"name":"wp","href":"https:\/\/api.w.org\/{rel}","templated":true}]}}